{"id":77,"date":"2024-04-19T10:09:26","date_gmt":"2024-04-19T08:09:26","guid":{"rendered":"https:\/\/energiespiege.org\/rando\/?page_id=77"},"modified":"2026-04-13T10:07:00","modified_gmt":"2026-04-13T08:07:00","slug":"page-daccueil","status":"publish","type":"page","link":"https:\/\/energiespiege.org\/rando\/","title":{"rendered":"Page d\u2019accueil"},"content":{"rendered":"\n<figure class=\"wp-block-image alignfull size-large\"><img loading=\"lazy\" decoding=\"async\" width=\"1024\" height=\"262\" src=\"https:\/\/energiespiege.org\/rando\/wp-content\/uploads\/2023\/04\/cropped-P1010206-scaled-1-1024x262.jpg\" alt=\"\" class=\"wp-image-88\" srcset=\"https:\/\/energiespiege.org\/rando\/wp-content\/uploads\/2023\/04\/cropped-P1010206-scaled-1-1024x262.jpg 1024w, https:\/\/energiespiege.org\/rando\/wp-content\/uploads\/2023\/04\/cropped-P1010206-scaled-1-416x106.jpg 416w, https:\/\/energiespiege.org\/rando\/wp-content\/uploads\/2023\/04\/cropped-P1010206-scaled-1-300x77.jpg 300w, https:\/\/energiespiege.org\/rando\/wp-content\/uploads\/2023\/04\/cropped-P1010206-scaled-1-768x197.jpg 768w, https:\/\/energiespiege.org\/rando\/wp-content\/uploads\/2023\/04\/cropped-P1010206-scaled-1-1536x393.jpg 1536w, https:\/\/energiespiege.org\/rando\/wp-content\/uploads\/2023\/04\/cropped-P1010206-scaled-1.jpg 1950w\" sizes=\"auto, (max-width: 1024px) 100vw, 1024px\" \/><\/figure>\n\n\n\n<h1 class=\"wp-block-heading\">La 30\u00e8 Rando de la Pi\u00e8ge 2026 \u00e0 Fajac-La-Relenque<\/h1>\n\n\n\n<div class=\"wp-block-group\"><div class=\"wp-block-group__inner-container is-layout-constrained wp-block-group-is-layout-constrained\">\n<div class=\"wp-block-columns is-layout-flex wp-container-core-columns-is-layout-28f84493 wp-block-columns-is-layout-flex\">\n<div class=\"wp-block-column is-layout-flow wp-block-column-is-layout-flow\" style=\"flex-basis:66.66%\">\n<p>Chaque ann\u00e9e au mois de juin, \u00c9nergies de la Pi\u00e8ge organise une grande randonn\u00e9e familiale dans les collines de la Pi\u00e8ge. Toutes les g\u00e9n\u00e9rations y participent \u00e0 pied ou \u00e0 v\u00e9lo. Plus de 750 randonneurs et 60 b\u00e9n\u00e9voles se retrouvent apr\u00e8s l&rsquo;effort autour d&rsquo;un bon repas de produits locaux.&nbsp;Cette f\u00eate champ\u00eatre est organis\u00e9e par une \u00e9quipe engag\u00e9e et soutenue par de nombreux partenaires.<\/p>\n\n\n\n<p>Si vous souhaitez&nbsp;int\u00e9grer les \u00e9quipes de b\u00e9n\u00e9voles, contactez-nous.<\/p>\n\n\n\n<p>Cette ann\u00e9e, rendez-vous le <strong>15 juin<\/strong> \u00e0 Mayreville.<\/p>\n\n\n\n<p>Un stand des \u00ab\u00a030 ans\u00a0\u00bb d&rsquo;Energies de la Pi\u00e8ge, un stand de pr\u00e9sentation du site Natura 2000. Jeux en bois pour les enfants et les \u00ab\u00a0grands enfants\u00a0\u00bb avec le Palais des Jeux de Saint-Michel de Lan\u00e8s, musique et restauration.<\/p>\n<\/div>\n\n\n\n<div class=\"wp-block-column is-layout-flow wp-block-column-is-layout-flow\" style=\"flex-basis:33.33%\">\n<figure class=\"wp-block-image size-full\"><a href=\"https:\/\/www.geoportail.gouv.fr\/carte?c=1.8406045491503173,43.24022494708572&amp;z=15&amp;l0=ORTHOIMAGERY.ORTHOPHOTOS::GEOPORTAIL:OGC:WMTS(1)&amp;l1=GEOGRAPHICALGRIDSYSTEMS.PLANIGNV2::GEOPORTAIL:OGC:WMTS(1)&amp;permalink=yes\" target=\"_blank\" rel=\"noreferrer noopener\"><img loading=\"lazy\" decoding=\"async\" width=\"1772\" height=\"1772\" src=\"https:\/\/energiespiege.org\/rando\/wp-content\/uploads\/2025\/04\/Capture-decran-2025-04-15-a-15.32.15.png\" alt=\"\" class=\"wp-image-586\" srcset=\"https:\/\/energiespiege.org\/rando\/wp-content\/uploads\/2025\/04\/Capture-decran-2025-04-15-a-15.32.15.png 1772w, https:\/\/energiespiege.org\/rando\/wp-content\/uploads\/2025\/04\/Capture-decran-2025-04-15-a-15.32.15-324x324.png 324w, https:\/\/energiespiege.org\/rando\/wp-content\/uploads\/2025\/04\/Capture-decran-2025-04-15-a-15.32.15-100x100.png 100w, https:\/\/energiespiege.org\/rando\/wp-content\/uploads\/2025\/04\/Capture-decran-2025-04-15-a-15.32.15-416x416.png 416w, https:\/\/energiespiege.org\/rando\/wp-content\/uploads\/2025\/04\/Capture-decran-2025-04-15-a-15.32.15-300x300.png 300w, https:\/\/energiespiege.org\/rando\/wp-content\/uploads\/2025\/04\/Capture-decran-2025-04-15-a-15.32.15-1024x1024.png 1024w, https:\/\/energiespiege.org\/rando\/wp-content\/uploads\/2025\/04\/Capture-decran-2025-04-15-a-15.32.15-150x150.png 150w, https:\/\/energiespiege.org\/rando\/wp-content\/uploads\/2025\/04\/Capture-decran-2025-04-15-a-15.32.15-768x768.png 768w, https:\/\/energiespiege.org\/rando\/wp-content\/uploads\/2025\/04\/Capture-decran-2025-04-15-a-15.32.15-1536x1536.png 1536w\" sizes=\"auto, (max-width: 1772px) 100vw, 1772px\" \/><\/a><\/figure>\n\n\n\n<h6 class=\"wp-block-heading\">Cliquez pour voir sur G\u00e9oportail<\/h6>\n<\/div>\n<\/div>\n<\/div><\/div>\n\n\n\n<div class=\"wp-block-columns is-layout-flex wp-container-core-columns-is-layout-28f84493 wp-block-columns-is-layout-flex\">\n<div class=\"wp-block-column is-layout-flow wp-block-column-is-layout-flow\" style=\"flex-basis:33.33%\">\n<figure class=\"wp-block-image size-large\"><img loading=\"lazy\" decoding=\"async\" width=\"1024\" height=\"576\" src=\"https:\/\/energiespiege.org\/rando\/wp-content\/uploads\/2025\/04\/P1020106-1024x576.jpg\" alt=\"\" class=\"wp-image-588\" srcset=\"https:\/\/energiespiege.org\/rando\/wp-content\/uploads\/2025\/04\/P1020106-1024x576.jpg 1024w, https:\/\/energiespiege.org\/rando\/wp-content\/uploads\/2025\/04\/P1020106-scaled-416x234.jpg 416w, https:\/\/energiespiege.org\/rando\/wp-content\/uploads\/2025\/04\/P1020106-300x169.jpg 300w, https:\/\/energiespiege.org\/rando\/wp-content\/uploads\/2025\/04\/P1020106-768x432.jpg 768w, https:\/\/energiespiege.org\/rando\/wp-content\/uploads\/2025\/04\/P1020106-1536x863.jpg 1536w, https:\/\/energiespiege.org\/rando\/wp-content\/uploads\/2025\/04\/P1020106-2048x1151.jpg 2048w\" sizes=\"auto, (max-width: 1024px) 100vw, 1024px\" \/><\/figure>\n<\/div>\n\n\n\n<div class=\"wp-block-column is-layout-flow wp-block-column-is-layout-flow\" style=\"flex-basis:66.66%\">\n<h2 class=\"wp-block-heading\">Un village de d\u00e9gustation<\/h2>\n\n\n\n<p>C&rsquo;est Payra-Sur-l&rsquo;Hers qui accueillera la halte d\u00e9gustation des productrices et producteurs du territoire. D\u00e8s 9h30 les stands vous attendront pour vous faire d\u00e9couvrir leurs excellents produits !<\/p>\n<\/div>\n<\/div>\n\n\n\n<div class=\"wp-block-group\"><div class=\"wp-block-group__inner-container is-layout-constrained wp-block-group-is-layout-constrained\">\n<div class=\"wp-block-columns is-layout-flex wp-container-core-columns-is-layout-28f84493 wp-block-columns-is-layout-flex\">\n<div class=\"wp-block-column is-layout-flow wp-block-column-is-layout-flow\" style=\"flex-basis:66.66%\">\n<h2 class=\"wp-block-heading\">Pensez \u00e0 la r\u00e9servation en ligne !<\/h2>\n\n\n\n<p>Afin de faciliter les inscriptions pour celles et ceux qui, d\u00e9sormais, viennent de loin assister \u00e0 cet \u00e9v\u00e9nement, nous avons mis en place un service d&rsquo;inscription en ligne avec paiement par carte bleue.<\/p>\n\n\n\n<h4 class=\"wp-block-heading\"><strong>Les r\u00e9servations en ligne sont closes<\/strong><\/h4>\n<\/div>\n\n\n\n<div class=\"wp-block-column is-layout-flow wp-block-column-is-layout-flow\" style=\"flex-basis:33.33%\">\n<h6 class=\"wp-block-heading\"><\/h6>\n\n\n\n<figure class=\"wp-block-image size-full\"><img loading=\"lazy\" decoding=\"async\" width=\"500\" height=\"500\" src=\"https:\/\/energiespiege.org\/rando\/wp-content\/uploads\/2023\/04\/2-3.png\" alt=\"\" class=\"wp-image-595\" srcset=\"https:\/\/energiespiege.org\/rando\/wp-content\/uploads\/2023\/04\/2-3.png 500w, https:\/\/energiespiege.org\/rando\/wp-content\/uploads\/2023\/04\/2-3-324x324.png 324w, https:\/\/energiespiege.org\/rando\/wp-content\/uploads\/2023\/04\/2-3-100x100.png 100w, https:\/\/energiespiege.org\/rando\/wp-content\/uploads\/2023\/04\/2-3-416x416.png 416w, https:\/\/energiespiege.org\/rando\/wp-content\/uploads\/2023\/04\/2-3-300x300.png 300w, https:\/\/energiespiege.org\/rando\/wp-content\/uploads\/2023\/04\/2-3-150x150.png 150w\" sizes=\"auto, (max-width: 500px) 100vw, 500px\" \/><\/figure>\n<\/div>\n<\/div>\n<\/div><\/div>\n\n\n\n<p><\/p>\n","protected":false},"excerpt":{"rendered":"<p>La 30\u00e8 Rando de la Pi\u00e8ge 2026 \u00e0 Fajac-La-Relenque Chaque ann\u00e9e au mois de juin, \u00c9nergies de la Pi\u00e8ge organise une grande randonn\u00e9e familiale dans les collines de la Pi\u00e8ge. Toutes les g\u00e9n\u00e9rations y participent \u00e0 pied ou \u00e0 v\u00e9lo. Plus de 750 randonneurs et 60 b\u00e9n\u00e9voles se retrouvent apr\u00e8s l&rsquo;effort autour d&rsquo;un bon repas [&hellip;]<\/p>\n","protected":false},"author":1,"featured_media":0,"parent":0,"menu_order":0,"comment_status":"closed","ping_status":"closed","template":"template-fullwidth.php","meta":{"footnotes":""},"class_list":["post-77","page","type-page","status-publish","hentry"],"_links":{"self":[{"href":"https:\/\/energiespiege.org\/rando\/wp-json\/wp\/v2\/pages\/77","targetHints":{"allow":["GET"]}}],"collection":[{"href":"https:\/\/energiespiege.org\/rando\/wp-json\/wp\/v2\/pages"}],"about":[{"href":"https:\/\/energiespiege.org\/rando\/wp-json\/wp\/v2\/types\/page"}],"author":[{"embeddable":true,"href":"https:\/\/energiespiege.org\/rando\/wp-json\/wp\/v2\/users\/1"}],"replies":[{"embeddable":true,"href":"https:\/\/energiespiege.org\/rando\/wp-json\/wp\/v2\/comments?post=77"}],"version-history":[{"count":65,"href":"https:\/\/energiespiege.org\/rando\/wp-json\/wp\/v2\/pages\/77\/revisions"}],"predecessor-version":[{"id":825,"href":"https:\/\/energiespiege.org\/rando\/wp-json\/wp\/v2\/pages\/77\/revisions\/825"}],"wp:attachment":[{"href":"https:\/\/energiespiege.org\/rando\/wp-json\/wp\/v2\/media?parent=77"}],"curies":[{"name":"wp","href":"https:\/\/api.w.org\/{rel}","templated":true}]}}